{"id":181,"date":"2025-07-01T11:00:00","date_gmt":"2025-07-01T09:00:00","guid":{"rendered":"https:\/\/campamento.parroquialasfuentes.com\/?page_id=181"},"modified":"2025-07-01T23:43:18","modified_gmt":"2025-07-01T21:43:18","slug":"oracion-de-la-manana","status":"publish","type":"page","link":"https:\/\/campamento.parroquialasfuentes.com\/?page_id=181","title":{"rendered":"Oraci\u00f3n de la ma\u00f1ana &#8211;  Buenos D\u00edas"},"content":{"rendered":"\n<p>La oraci\u00f3n es algo que se puede llevar en la distancia y es por ello que nos gustar\u00eda poder compartir con vosotros las oraciones que rezaremos en el campamento cada ma\u00f1ana antes de empezar las actividades del d\u00eda.<\/p>\n\n\n\n<hr class=\"wp-block-separator has-alpha-channel-opacity is-style-wide\"\/>\n\n\n\n<p><\/p>\n\n\n\n<ul><li><a href=\"https:\/\/campamento.parroquialasfuentes.com\/wp-content\/uploads\/2025\/07\/Oracion-Buenos-Dias-Corporales-25-Dia-02.pdf\">Buenos D\u00edas &#8211; D\u00eda 2 &#8211; FELICES LOS QUE DAN VIDA A LAS PALABRAS<\/a><\/li><li><a href=\"https:\/\/campamento.parroquialasfuentes.com\/wp-content\/uploads\/2025\/07\/Oracion-Buenos-Dias-Corporales-25-Dia-03.pdf\" data-type=\"URL\" target=\"_blank\" rel=\"noreferrer noopener\">Buenos D\u00edas &#8211; D\u00eda 3 &#8211; FELICES LOS QUE SON CASA<\/a><\/li><li><a href=\"https:\/\/campamento.parroquialasfuentes.com\/wp-content\/uploads\/2025\/07\/Oracion-Buenos-Dias-Corporales-25-Dia-04.pdf\" data-type=\"URL\" target=\"_blank\" rel=\"noreferrer noopener\">Buenos D\u00edas &#8211; D\u00eda 4 &#8211; FELICES LOS QUE SE ENCARNAN<\/a><\/li><li><a href=\"https:\/\/campamento.parroquialasfuentes.com\/wp-content\/uploads\/2025\/07\/Oracion-Buenos-Dias-Corporales-25-Dia-05.pdf\" data-type=\"URL\" target=\"_blank\" rel=\"noreferrer noopener\">Buenos D\u00edas &#8211; D\u00eda 5 &#8211; FELICES LOS QUE NO ESCONDEN LA LUZ<\/a><\/li><li><a href=\"https:\/\/campamento.parroquialasfuentes.com\/wp-content\/uploads\/2025\/07\/Oracion-Buenos-Dias-Corporales-25-Dia-06.pdf\">Buenos D\u00edas &#8211; D\u00eda 6 &#8211; FELICES LOS TRANSPARENTES<\/a><\/li><li><a href=\"https:\/\/campamento.parroquialasfuentes.com\/wp-content\/uploads\/2025\/07\/Oracion-Buenos-Dias-Corporales-25-Dia-07.pdf\" data-type=\"URL\" target=\"_blank\" rel=\"noreferrer noopener\">Buenos D\u00edas &#8211; D\u00eda 7 &#8211; FELICES LOS QUE EST\u00c1N ALEGRES<\/a><\/li><li><a href=\"https:\/\/campamento.parroquialasfuentes.com\/wp-content\/uploads\/2025\/07\/Oracion-Buenos-Dias-Corporales-25-Dia-08.pdf\" data-type=\"URL\" target=\"_blank\" rel=\"noreferrer noopener\">Buenos D\u00edas &#8211; D\u00eda 8 &#8211; FELICES LOS QUE SALEN AL ENCUENTRO<\/a><\/li><li><a href=\"https:\/\/campamento.parroquialasfuentes.com\/wp-content\/uploads\/2025\/07\/Oracion-Buenos-Dias-Corporales-25-Dia-09.pdf\" data-type=\"URL\" target=\"_blank\" rel=\"noreferrer noopener\">Buenos D\u00edas &#8211; D\u00eda 9 &#8211; FELICES LOS QUE SUE\u00d1AN<\/a><\/li><li><a href=\"https:\/\/campamento.parroquialasfuentes.com\/wp-content\/uploads\/2025\/07\/Oracion-Buenos-Dias-Corporales-25-Dia-10.pdf\" data-type=\"URL\" target=\"_blank\" rel=\"noreferrer noopener\">Buenos D\u00edas &#8211; D\u00eda 10 &#8211; FELICES LOS QUE SON SAL<\/a><\/li><li><a href=\"https:\/\/campamento.parroquialasfuentes.com\/wp-content\/uploads\/2025\/07\/Oracion-Buenos-Dias-Corporales-25-Dia-11.pdf\" data-type=\"URL\" target=\"_blank\" rel=\"noreferrer noopener\">Buenos D\u00edas &#8211; D\u00eda 11 &#8211; FELICES LOS QUE EN LA DIFERENCIA DISFRUTAN DE LA IGUALDAD<\/a><\/li><li><a href=\"https:\/\/campamento.parroquialasfuentes.com\/wp-content\/uploads\/2025\/07\/Oracion-Buenos-Dias-Corporales-25-Dia-12.pdf\" data-type=\"URL\" target=\"_blank\" rel=\"noreferrer noopener\">Buenos D\u00edas &#8211; D\u00eda 12 &#8211; FELICES LOS PEQUE\u00d1OS<\/a><\/li><li><a href=\"https:\/\/campamento.parroquialasfuentes.com\/wp-content\/uploads\/2025\/07\/Oracion-Buenos-Dias-Corporales-25-Dia-13.pdf\" data-type=\"URL\" target=\"_blank\" rel=\"noreferrer noopener\">Buenos D\u00edas &#8211; D\u00eda 13 &#8211; FELICES LOS QUE SON JOVENES<\/a><\/li><li><a href=\"https:\/\/campamento.parroquialasfuentes.com\/wp-content\/uploads\/2025\/07\/Oracion-Buenos-Dias-Corporales-25-Dia-14.pdf\" data-type=\"URL\" target=\"_blank\" rel=\"noreferrer noopener\">Buenos D\u00edas &#8211; D\u00eda 14 &#8211; FELICES LOS LIBRES<\/a><\/li><\/ul>\n\n\n\n<p><\/p>\n\n\n\n<p><\/p>\n","protected":false},"excerpt":{"rendered":"<p>La oraci\u00f3n es algo que se puede llevar en la distancia y es por ello que nos gustar\u00eda poder compartir con vosotros las oraciones que rezaremos en el campamento cada ma\u00f1ana antes de empezar las actividades del d\u00eda. Buenos D\u00edas &#8211; D\u00eda 2 &#8211; FELICES LOS QUE DAN VIDA A LAS PALABRAS Buenos D\u00edas &#8211; [&hellip;]<\/p>\n","protected":false},"author":1,"featured_media":0,"parent":0,"menu_order":0,"comment_status":"closed","ping_status":"closed","template":"page-no-separators","meta":[],"_links":{"self":[{"href":"https:\/\/campamento.parroquialasfuentes.com\/index.php?rest_route=\/wp\/v2\/pages\/181"}],"collection":[{"href":"https:\/\/campamento.parroquialasfuentes.com\/index.php?rest_route=\/wp\/v2\/pages"}],"about":[{"href":"https:\/\/campamento.parroquialasfuentes.com\/index.php?rest_route=\/wp\/v2\/types\/page"}],"author":[{"embeddable":true,"href":"https:\/\/campamento.parroquialasfuentes.com\/index.php?rest_route=\/wp\/v2\/users\/1"}],"replies":[{"embeddable":true,"href":"https:\/\/campamento.parroquialasfuentes.com\/index.php?rest_route=%2Fwp%2Fv2%2Fcomments&post=181"}],"version-history":[{"count":9,"href":"https:\/\/campamento.parroquialasfuentes.com\/index.php?rest_route=\/wp\/v2\/pages\/181\/revisions"}],"predecessor-version":[{"id":1604,"href":"https:\/\/campamento.parroquialasfuentes.com\/index.php?rest_route=\/wp\/v2\/pages\/181\/revisions\/1604"}],"wp:attachment":[{"href":"https:\/\/campamento.parroquialasfuentes.com\/index.php?rest_route=%2Fwp%2Fv2%2Fmedia&parent=181"}],"curies":[{"name":"wp","href":"https:\/\/api.w.org\/{rel}","templated":true}]}}