{"id":2,"date":"2025-07-01T11:00:00","date_gmt":"2025-07-01T09:00:00","guid":{"rendered":"https:\/\/campamento.parroquialasfuentes.com\/?page_id=2"},"modified":"2025-07-01T23:23:21","modified_gmt":"2025-07-01T21:23:21","slug":"info","status":"publish","type":"page","link":"https:\/\/campamento.parroquialasfuentes.com\/?page_id=2","title":{"rendered":"Informaci\u00f3n"},"content":{"rendered":"\n<p>En esta secci\u00f3n tendr\u00e9is informaci\u00f3n acerca de varios puntos que pueden ser de inter\u00e9s:<br><\/p>\n\n\n\n<p class=\"has-large-font-size\" style=\"font-style:normal;font-weight:600\">\u2022 Funcionamiento del blog<\/p>\n\n\n\n<p class=\"has-text-align-left\">Cada d\u00eda, generalmente en la noche entre un d\u00eda y el siguiente, publicaremos una entrada en el blog. En ella os contaremos la tem\u00e1tica del d\u00eda, as\u00ed como los juegos y actividades realizados. Tambi\u00e9n os contaremos tambi\u00e9n detalles acerca de los talleres que tenemos preparados.<br><br>Al final de cada entrada se podr\u00e1n ver algunas de las fotos del d\u00eda.<br><br>La secci\u00f3n de comentarios est\u00e1 activada pero los mensajes requieren de pasar por moderaci\u00f3n, esto lo hacemos para evitar comentarios indeseados. Los iremos aprobando en cuanto saquemos un momento de respiro. Os animamos a escribir y participar de forma remota con nosotros en las actividades que realizaremos a lo largo del campamento.<\/p>\n\n\n\n<p class=\"has-large-font-size\" style=\"font-style:normal;font-weight:600\"><br>\u2022 D\u00eda de llamadas<\/p>\n\n\n\n<p>En la duraci\u00f3n del campamento podr\u00e9is seguir las actividades a trav\u00e9s del blog, no obstante, sabemos que vuestros hijos est\u00e1n deseando poder contaros de primera mano todo lo que hacen. Para evitar interferir en la realizaci\u00f3n del campamento el domingo 6 tras la comida organizaremos a los acampados para hacer la ronda de llamadas de mitad del campamento. Los hermanos se juntar\u00e1n para hablar de una vez con vosotros y evitar tener que hacer dos llamadas desde tel\u00e9fonos diferentes.<br><br>\u00a1Recordad poner el m\u00f3vil con sonido y vibraci\u00f3n para poder estar al tanto cuando os llamemos!<br><br>Os pedimos tambi\u00e9n que, en la medida de lo posible, las llamadas sean cortas (alargar conversaci\u00f3n, evitar pasar el tel\u00e9fono a terceras personas, etc) ya que hay muchas que realizar y nuestro objetivo es evitar que los ni\u00f1os\/as pierdan el foco de la actividad que est\u00e1n realizando durante estos d\u00edas.<\/p>\n\n\n\n<p class=\"has-large-font-size\"><br><strong>\u2022 Contacto<\/strong><\/p>\n\n\n\n<p>La comunicaci\u00f3n entre padres y monitores se realizar\u00e1 a trav\u00e9s de los siguientes medios:<br><br>  &#8211; <strong>M\u00f3vil:<\/strong> +34 635 30 56 06<br>  &#8211; <strong>Correo electr\u00f3nico:<\/strong> campamentolasfuentes@gmail.com<br>  &#8211; Los comentarios del blog<br><br>La comunicaci\u00f3n no ser\u00e1 en ning\u00fan caso con los acampados salvo casos excepcionales para evitar interferir en la realizaci\u00f3n de la actividad.<\/p>\n\n\n\n<p class=\"has-large-font-size\"><br><strong>\u2022 Ubicaci\u00f3n<\/strong><\/p>\n\n\n\n<p>&#8211; Corporales, Le\u00f3n<\/p>\n<iframe src=\"https:\/\/www.google.com\/maps\/embed?pb=!1m18!1m12!1m3!1d802.9602471422303!2d-6.456452998269115!3d42.30954569055677!2m3!1f0!2f0!3f0!3m2!1i1024!2i768!4f13.1!3m3!1m2!1s0xd3a01735d92e5eb%3A0xa474986b337e2694!2sCalle%20Iglesia%2C%201A%2C%2024740%20Corporales%2C%20Le%C3%B3n!5e1!3m2!1ses!2ses!4v1751404845748!5m2!1ses!2ses\" width=\"600\" height=\"450\" style=\"border:0;\" allowfullscreen=\"\" loading=\"lazy\" referrerpolicy=\"no-referrer-when-downgrade\"><\/iframe>\n","protected":false},"excerpt":{"rendered":"<p>En esta secci\u00f3n tendr\u00e9is informaci\u00f3n acerca de varios puntos que pueden ser de inter\u00e9s: \u2022 Funcionamiento del blog Cada d\u00eda, generalmente en la noche entre un d\u00eda y el siguiente, publicaremos una entrada en el blog. En ella os contaremos la tem\u00e1tica del d\u00eda, as\u00ed como los juegos y actividades realizados. Tambi\u00e9n os contaremos tambi\u00e9n [&hellip;]<\/p>\n","protected":false},"author":1,"featured_media":0,"parent":0,"menu_order":0,"comment_status":"closed","ping_status":"closed","template":"page-no-separators","meta":[],"_links":{"self":[{"href":"https:\/\/campamento.parroquialasfuentes.com\/index.php?rest_route=\/wp\/v2\/pages\/2"}],"collection":[{"href":"https:\/\/campamento.parroquialasfuentes.com\/index.php?rest_route=\/wp\/v2\/pages"}],"about":[{"href":"https:\/\/campamento.parroquialasfuentes.com\/index.php?rest_route=\/wp\/v2\/types\/page"}],"author":[{"embeddable":true,"href":"https:\/\/campamento.parroquialasfuentes.com\/index.php?rest_route=\/wp\/v2\/users\/1"}],"replies":[{"embeddable":true,"href":"https:\/\/campamento.parroquialasfuentes.com\/index.php?rest_route=%2Fwp%2Fv2%2Fcomments&post=2"}],"version-history":[{"count":9,"href":"https:\/\/campamento.parroquialasfuentes.com\/index.php?rest_route=\/wp\/v2\/pages\/2\/revisions"}],"predecessor-version":[{"id":1598,"href":"https:\/\/campamento.parroquialasfuentes.com\/index.php?rest_route=\/wp\/v2\/pages\/2\/revisions\/1598"}],"wp:attachment":[{"href":"https:\/\/campamento.parroquialasfuentes.com\/index.php?rest_route=%2Fwp%2Fv2%2Fmedia&parent=2"}],"curies":[{"name":"wp","href":"https:\/\/api.w.org\/{rel}","templated":true}]}}